{"id":1721,"date":"2019-08-07T14:58:07","date_gmt":"2019-08-07T14:58:07","guid":{"rendered":"http:\/\/166.62.89.205\/~instrutec\/?post_type=product&#038;p=1721"},"modified":"2025-09-29T13:20:30","modified_gmt":"2025-09-29T13:20:30","slug":"analizador-de-h2-y-conductividad-termica","status":"publish","type":"product","link":"https:\/\/instrutec.com.ar\/web\/product\/analizador-de-h2-y-conductividad-termica\/","title":{"rendered":"ANALIZADOR DE H2 por CONDUCTIVIDAD TERMICA"},"content":{"rendered":"","protected":false},"excerpt":{"rendered":"<p><strong>MARCA: PANAMETRICS<\/strong><\/p>\n<p><strong>MODELO: XMTCpro<\/strong><\/p>\n<p>Es un transmisor de conductividad t\u00e9rmica en l\u00ednea, que mide la concentraci\u00f3n de mezclas de gas binarias que contengan hidr\u00f3geno, di\u00f3xido de carbono, metano o helio.<\/p>\n<p><a href=\"https:\/\/instrutec.com.ar\/web\/wp-content\/uploads\/2025\/09\/XMTCpro_Datasheet_BHMADS02V19.pdf\" target=\"_blank\" rel=\"noopener\">Ver cat\u00e1logo<\/a><\/p>\n","protected":false},"featured_media":2571,"template":"","meta":[],"product_cat":[233,234,344],"product_tag":[356,366,351,339],"class_list":{"0":"post-1721","1":"product","2":"type-product","3":"status-publish","4":"has-post-thumbnail","6":"product_cat-analizadores-de-gases","7":"product_cat-analizadores-de-h2","8":"product_cat-analizador-de-proceso","9":"product_tag-analizador","10":"product_tag-analizador-de-proceso","11":"product_tag-gases","12":"product_tag-transmisor","13":"marca-panametrics","15":"first","16":"instock","17":"shipping-taxable","18":"product-type-simple"},"_links":{"self":[{"href":"https:\/\/instrutec.com.ar\/web\/wp-json\/wp\/v2\/product\/1721","targetHints":{"allow":["GET"]}}],"collection":[{"href":"https:\/\/instrutec.com.ar\/web\/wp-json\/wp\/v2\/product"}],"about":[{"href":"https:\/\/instrutec.com.ar\/web\/wp-json\/wp\/v2\/types\/product"}],"wp:featuredmedia":[{"embeddable":true,"href":"https:\/\/instrutec.com.ar\/web\/wp-json\/wp\/v2\/media\/2571"}],"wp:attachment":[{"href":"https:\/\/instrutec.com.ar\/web\/wp-json\/wp\/v2\/media?parent=1721"}],"wp:term":[{"taxonomy":"product_cat","embeddable":true,"href":"https:\/\/instrutec.com.ar\/web\/wp-json\/wp\/v2\/product_cat?post=1721"},{"taxonomy":"product_tag","embeddable":true,"href":"https:\/\/instrutec.com.ar\/web\/wp-json\/wp\/v2\/product_tag?post=1721"}],"curies":[{"name":"wp","href":"https:\/\/api.w.org\/{rel}","templated":true}]}}