{"id":1646,"date":"2019-07-31T17:35:58","date_gmt":"2019-07-31T17:35:58","guid":{"rendered":"http:\/\/166.62.89.205\/~instrutec\/?post_type=product&#038;p=1646"},"modified":"2019-11-08T15:26:34","modified_gmt":"2019-11-08T15:26:34","slug":"valvula-pivotantes","status":"publish","type":"product","link":"https:\/\/instrutec.com.ar\/web\/product\/valvula-pivotantes\/","title":{"rendered":"VALVULA PIVOTANTES"},"content":{"rendered":"","protected":false},"excerpt":{"rendered":"<p>MARCA: BS&amp;B<\/p>\n<p>La tecnolog\u00eda de v\u00e1lvulas de alivio pivotantes (Buckling Pin) ofrece un m\u00e9todo preciso y fiable de calibrar dispositivos de alivio de presi\u00f3n. BS&amp;B ha desarrollado los sistemas pivotantes BPRV\u2122 Buckling Pin Relief Vent para alivio de presi\u00f3n en l\u00ednea o en vac\u00edo, ofreciendo un modo r\u00e1pido y simple de reposici\u00f3n externa. Los BPRV son adecuados tanto para aplicaciones de gases como para l\u00edquidos y ofrecen una apertura total de descarga a una presi\u00f3n predeterminada.<\/p>\n<p><a href=\"http:\/\/instrutec.com.ar\/web\/wp-content\/uploads\/2019\/11\/Valvula-Pin.pdf\" target=\"_blank\" rel=\"noopener\">Ver cat\u00e1logo<\/a><\/p>\n","protected":false},"featured_media":1707,"template":"","meta":[],"product_cat":[309],"product_tag":[],"class_list":{"0":"post-1646","1":"product","2":"type-product","3":"status-publish","4":"has-post-thumbnail","6":"product_cat-valvulas-pivotantes","7":"marca-bsb","9":"first","10":"instock","11":"downloadable","12":"virtual","13":"product-type-simple"},"_links":{"self":[{"href":"https:\/\/instrutec.com.ar\/web\/wp-json\/wp\/v2\/product\/1646","targetHints":{"allow":["GET"]}}],"collection":[{"href":"https:\/\/instrutec.com.ar\/web\/wp-json\/wp\/v2\/product"}],"about":[{"href":"https:\/\/instrutec.com.ar\/web\/wp-json\/wp\/v2\/types\/product"}],"wp:featuredmedia":[{"embeddable":true,"href":"https:\/\/instrutec.com.ar\/web\/wp-json\/wp\/v2\/media\/1707"}],"wp:attachment":[{"href":"https:\/\/instrutec.com.ar\/web\/wp-json\/wp\/v2\/media?parent=1646"}],"wp:term":[{"taxonomy":"product_cat","embeddable":true,"href":"https:\/\/instrutec.com.ar\/web\/wp-json\/wp\/v2\/product_cat?post=1646"},{"taxonomy":"product_tag","embeddable":true,"href":"https:\/\/instrutec.com.ar\/web\/wp-json\/wp\/v2\/product_tag?post=1646"}],"curies":[{"name":"wp","href":"https:\/\/api.w.org\/{rel}","templated":true}]}}