{"id":1631,"date":"2019-07-31T16:36:52","date_gmt":"2019-07-31T16:36:52","guid":{"rendered":"http:\/\/166.62.89.205\/~instrutec\/?post_type=product&#038;p=1631"},"modified":"2019-11-08T15:09:12","modified_gmt":"2019-11-08T15:09:12","slug":"discos-de-grafito","status":"publish","type":"product","link":"https:\/\/instrutec.com.ar\/web\/product\/discos-de-grafito\/","title":{"rendered":"DISCOS DE GRAFITO"},"content":{"rendered":"","protected":false},"excerpt":{"rendered":"<p>MARCA: BS&amp;B<\/p>\n<p>Dise\u00f1ado especialmente para aplicaciones de baja presi\u00f3n y excelente resistencia a la corrosi\u00f3n.<\/p>\n<p>Discos de grafito\u00a0monobloque:\u00a0MB y MBV,\u00a0SOY B, IMBL, AMB-HTA<\/p>\n<p>Discos de grafito reemplazables:\u00a0RE \/ RE-7R,\u00a0REL \/ REL-7R, REV \/ REV-7R, RE-HTA<\/p>\n<p><a href=\"http:\/\/instrutec.com.ar\/web\/wp-content\/uploads\/2019\/11\/DISCO-DE-GRAFITO.-MB-Y-MBV.pdf\" target=\"_blank\" rel=\"noopener\">Ver cat\u00e1logo<\/a><\/p>\n<p>&nbsp;<\/p>\n","protected":false},"featured_media":1696,"template":"","meta":[],"product_cat":[305],"product_tag":[],"class_list":{"0":"post-1631","1":"product","2":"type-product","3":"status-publish","4":"has-post-thumbnail","6":"product_cat-discos-de-grafito","7":"marca-bsb","9":"first","10":"instock","11":"downloadable","12":"virtual","13":"product-type-simple"},"_links":{"self":[{"href":"https:\/\/instrutec.com.ar\/web\/wp-json\/wp\/v2\/product\/1631","targetHints":{"allow":["GET"]}}],"collection":[{"href":"https:\/\/instrutec.com.ar\/web\/wp-json\/wp\/v2\/product"}],"about":[{"href":"https:\/\/instrutec.com.ar\/web\/wp-json\/wp\/v2\/types\/product"}],"wp:featuredmedia":[{"embeddable":true,"href":"https:\/\/instrutec.com.ar\/web\/wp-json\/wp\/v2\/media\/1696"}],"wp:attachment":[{"href":"https:\/\/instrutec.com.ar\/web\/wp-json\/wp\/v2\/media?parent=1631"}],"wp:term":[{"taxonomy":"product_cat","embeddable":true,"href":"https:\/\/instrutec.com.ar\/web\/wp-json\/wp\/v2\/product_cat?post=1631"},{"taxonomy":"product_tag","embeddable":true,"href":"https:\/\/instrutec.com.ar\/web\/wp-json\/wp\/v2\/product_tag?post=1631"}],"curies":[{"name":"wp","href":"https:\/\/api.w.org\/{rel}","templated":true}]}}