{"id":1626,"date":"2019-07-31T13:52:02","date_gmt":"2019-07-31T13:52:02","guid":{"rendered":"http:\/\/166.62.89.205\/~instrutec\/?post_type=product&#038;p=1626"},"modified":"2019-11-01T17:52:56","modified_gmt":"2019-11-01T17:52:56","slug":"sistema-de-muestreo-para-gases-y-liquidos","status":"publish","type":"product","link":"https:\/\/instrutec.com.ar\/web\/product\/sistema-de-muestreo-para-gases-y-liquidos\/","title":{"rendered":"SISTEMA DE MUESTREO, PARA  GASES Y LIQUIDOS"},"content":{"rendered":"","protected":false},"excerpt":{"rendered":"<p>MARCA: DOPAK<\/p>\n<p>Dovianus desarrolla, produce y comercializa sistemas de muestreo para l\u00edquidos, gases y gases licuados bajo el nombre de Dopak. Es una l\u00ednea caracterizada por sus sistemas de muestreo en la industria qu\u00edmica y petroqu\u00edmica internacional. Los tomamuestras de venteo cerrado Dopak permiten tomar muestras de forma segura de sustancias t\u00f3xicas, peligrosas y vol\u00e1tiles, sin ning\u00fan peligro para sus operadores ni para el medio ambiente.<\/p>\n<p><a href=\"http:\/\/instrutec.com.ar\/web\/wp-content\/uploads\/2019\/11\/Catalogo-general.pdf\" target=\"_blank\" rel=\"noopener\">Ver cat\u00e1logo<\/a><\/p>\n","protected":false},"featured_media":1703,"template":"","meta":[],"product_cat":[299],"product_tag":[],"class_list":{"0":"post-1626","1":"product","2":"type-product","3":"status-publish","4":"has-post-thumbnail","6":"product_cat-sistema-de-muestreo-para-gases-y-liquidos","7":"marca-dopak","9":"first","10":"instock","11":"featured","12":"virtual","13":"product-type-simple"},"_links":{"self":[{"href":"https:\/\/instrutec.com.ar\/web\/wp-json\/wp\/v2\/product\/1626","targetHints":{"allow":["GET"]}}],"collection":[{"href":"https:\/\/instrutec.com.ar\/web\/wp-json\/wp\/v2\/product"}],"about":[{"href":"https:\/\/instrutec.com.ar\/web\/wp-json\/wp\/v2\/types\/product"}],"wp:featuredmedia":[{"embeddable":true,"href":"https:\/\/instrutec.com.ar\/web\/wp-json\/wp\/v2\/media\/1703"}],"wp:attachment":[{"href":"https:\/\/instrutec.com.ar\/web\/wp-json\/wp\/v2\/media?parent=1626"}],"wp:term":[{"taxonomy":"product_cat","embeddable":true,"href":"https:\/\/instrutec.com.ar\/web\/wp-json\/wp\/v2\/product_cat?post=1626"},{"taxonomy":"product_tag","embeddable":true,"href":"https:\/\/instrutec.com.ar\/web\/wp-json\/wp\/v2\/product_tag?post=1626"}],"curies":[{"name":"wp","href":"https:\/\/api.w.org\/{rel}","templated":true}]}}