{"id":2203,"date":"2019-08-16T18:05:00","date_gmt":"2019-08-16T18:05:00","guid":{"rendered":"http:\/\/166.62.89.205\/~instrutec\/?page_id=2203"},"modified":"2019-08-16T18:16:08","modified_gmt":"2019-08-16T18:16:08","slug":"inicio","status":"publish","type":"page","link":"https:\/\/instrutec.com.ar\/web\/","title":{"rendered":"Inicio"},"content":{"rendered":"<p>[vc_row][vc_column]<div class=\"woocommerce columns-4 \"><ul class=\"products columns-4\"><li class=\"product type-product post-2687 status-publish first instock product_cat-analizadores-de-humedad-con-celdas-de-oxido-de-aluminio product_cat-humedad has-post-thumbnail featured downloadable shipping-taxable product-type-simple\">\n\t<div class=\"product-item wow fadeInUp\" data-wow-delay=\"0.1s\"><div class=\"product-image-actions\"><a href=\"https:\/\/instrutec.com.ar\/web\/product\/transmisor-de-humedad-hygropro-xp\/\" class=\"product-cover\"><img loading=\"lazy\" decoding=\"async\" width=\"300\" height=\"300\" src=\"https:\/\/instrutec.com.ar\/web\/wp-content\/uploads\/2025\/10\/hygroproxp_space_0-300x300.jpg\" class=\"attachment-woocommerce_thumbnail size-woocommerce_thumbnail\" alt=\"TRANSMISOR DE HUMEDAD HYGROPRO XP\" srcset=\"https:\/\/instrutec.com.ar\/web\/wp-content\/uploads\/2025\/10\/hygroproxp_space_0-300x300.jpg 300w, https:\/\/instrutec.com.ar\/web\/wp-content\/uploads\/2025\/10\/hygroproxp_space_0-150x150.jpg 150w, https:\/\/instrutec.com.ar\/web\/wp-content\/uploads\/2025\/10\/hygroproxp_space_0-100x100.jpg 100w\" sizes=\"auto, (max-width: 300px) 100vw, 300px\" \/><\/a><\/div><!-- \/.product-image-actions --><a href=\"https:\/\/instrutec.com.ar\/web\/product\/transmisor-de-humedad-hygropro-xp\/\" class=\"woocommerce-LoopProduct-link woocommerce-loop-product__link\"><h2 class=\"woocommerce-loop-product__title\">TRANSMISOR DE HUMEDAD HYGROPRO XP<\/h2>\n<\/a><a href=\"https:\/\/instrutec.com.ar\/web\/product\/transmisor-de-humedad-hygropro-xp\/\" aria-describedby=\"woocommerce_loop_add_to_cart_link_describedby_2687\" data-quantity=\"1\" class=\"button product_type_simple\" data-product_id=\"2687\" data-product_sku=\"\" aria-label=\"Lee m\u00e1s sobre &ldquo;TRANSMISOR DE HUMEDAD HYGROPRO XP&rdquo;\" rel=\"nofollow\" data-success_message=\"\">Leer m\u00e1s<\/a>\t<span id=\"woocommerce_loop_add_to_cart_link_describedby_2687\" class=\"screen-reader-text\">\n\t\t\t<\/span>\n<div class=\"action-buttons\">\n\t\t<a href=\"http:\/\/166.62.89.205\/~instrutec\/contacto\/\" class=\"btn-consulta\">Consultar<\/a>\n<\/div><\/div><\/li>\n<li class=\"product type-product post-2188 status-publish instock product_cat-placas-de-orificio-tramos-de-medicion-aga3-orificios-de-restriccion has-post-thumbnail featured shipping-taxable product-type-simple\">\n\t<div class=\"product-item wow fadeInUp\" data-wow-delay=\"0.2s\"><div class=\"product-image-actions\"><a href=\"https:\/\/instrutec.com.ar\/web\/product\/placas-de-orificio-tramos-de-medicion-aga3-orificios-de-restriccion\/\" class=\"product-cover\"><img loading=\"lazy\" decoding=\"async\" width=\"270\" height=\"300\" src=\"https:\/\/instrutec.com.ar\/web\/wp-content\/uploads\/2019\/08\/placas-de-orificio-1-270x300.jpg\" class=\"attachment-woocommerce_thumbnail size-woocommerce_thumbnail\" alt=\"PLACAS DE ORIFICIO, TRAMOS DE MEDICI\u00d3N AGA3, ORIFICIOS DE RESTRICCI\u00d3N\" \/><\/a><\/div><!-- \/.product-image-actions --><a href=\"https:\/\/instrutec.com.ar\/web\/product\/placas-de-orificio-tramos-de-medicion-aga3-orificios-de-restriccion\/\" class=\"woocommerce-LoopProduct-link woocommerce-loop-product__link\"><h2 class=\"woocommerce-loop-product__title\">PLACAS DE ORIFICIO, TRAMOS DE MEDICI\u00d3N AGA3, ORIFICIOS DE RESTRICCI\u00d3N<\/h2>\n<\/a><a href=\"https:\/\/instrutec.com.ar\/web\/product\/placas-de-orificio-tramos-de-medicion-aga3-orificios-de-restriccion\/\" aria-describedby=\"woocommerce_loop_add_to_cart_link_describedby_2188\" data-quantity=\"1\" class=\"button product_type_simple\" data-product_id=\"2188\" data-product_sku=\"\" aria-label=\"Lee m\u00e1s sobre &ldquo;PLACAS DE ORIFICIO, TRAMOS DE MEDICI\u00d3N AGA3, ORIFICIOS DE RESTRICCI\u00d3N&rdquo;\" rel=\"nofollow\" data-success_message=\"\">Leer m\u00e1s<\/a>\t<span id=\"woocommerce_loop_add_to_cart_link_describedby_2188\" class=\"screen-reader-text\">\n\t\t\t<\/span>\n<div class=\"action-buttons\">\n\t\t<a href=\"http:\/\/166.62.89.205\/~instrutec\/contacto\/\" class=\"btn-consulta\">Consultar<\/a>\n<\/div><\/div><\/li>\n<li class=\"product type-product post-2099 status-publish instock product_cat-indicadores-de-nivel-de-liquido product_cat-nivel has-post-thumbnail featured downloadable shipping-taxable product-type-simple\">\n\t<div class=\"product-item wow fadeInUp\" data-wow-delay=\"0.3s\"><div class=\"product-image-actions\"><a href=\"https:\/\/instrutec.com.ar\/web\/product\/indicadores-de-nivel-magnetico\/\" class=\"product-cover\"><img loading=\"lazy\" decoding=\"async\" width=\"300\" height=\"300\" src=\"https:\/\/instrutec.com.ar\/web\/wp-content\/uploads\/2025\/10\/KbT57LHNw0yx00I3HkNGYj1YuqbiV6A-bzbrxgMzq6I-300x300.jpeg\" class=\"attachment-woocommerce_thumbnail size-woocommerce_thumbnail\" alt=\"INDICADORES DE NIVEL MAGNETICO\" srcset=\"https:\/\/instrutec.com.ar\/web\/wp-content\/uploads\/2025\/10\/KbT57LHNw0yx00I3HkNGYj1YuqbiV6A-bzbrxgMzq6I-300x300.jpeg 300w, https:\/\/instrutec.com.ar\/web\/wp-content\/uploads\/2025\/10\/KbT57LHNw0yx00I3HkNGYj1YuqbiV6A-bzbrxgMzq6I-150x150.jpeg 150w, https:\/\/instrutec.com.ar\/web\/wp-content\/uploads\/2025\/10\/KbT57LHNw0yx00I3HkNGYj1YuqbiV6A-bzbrxgMzq6I-100x100.jpeg 100w, https:\/\/instrutec.com.ar\/web\/wp-content\/uploads\/2025\/10\/KbT57LHNw0yx00I3HkNGYj1YuqbiV6A-bzbrxgMzq6I.jpeg 600w\" sizes=\"auto, (max-width: 300px) 100vw, 300px\" \/><\/a><\/div><!-- \/.product-image-actions --><a href=\"https:\/\/instrutec.com.ar\/web\/product\/indicadores-de-nivel-magnetico\/\" class=\"woocommerce-LoopProduct-link woocommerce-loop-product__link\"><h2 class=\"woocommerce-loop-product__title\">INDICADORES DE NIVEL MAGNETICO<\/h2>\n<\/a><a href=\"https:\/\/instrutec.com.ar\/web\/product\/indicadores-de-nivel-magnetico\/\" aria-describedby=\"woocommerce_loop_add_to_cart_link_describedby_2099\" data-quantity=\"1\" class=\"button product_type_simple\" data-product_id=\"2099\" data-product_sku=\"\" aria-label=\"Lee m\u00e1s sobre &ldquo;INDICADORES DE NIVEL MAGNETICO&rdquo;\" rel=\"nofollow\" data-success_message=\"\">Leer m\u00e1s<\/a>\t<span id=\"woocommerce_loop_add_to_cart_link_describedby_2099\" class=\"screen-reader-text\">\n\t\t\t<\/span>\n<div class=\"action-buttons\">\n\t\t<a href=\"http:\/\/166.62.89.205\/~instrutec\/contacto\/\" class=\"btn-consulta\">Consultar<\/a>\n<\/div><\/div><\/li>\n<li class=\"product type-product post-2094 status-publish last instock product_cat-interruptores-nivel product_cat-nivel has-post-thumbnail featured downloadable shipping-taxable product-type-simple\">\n\t<div class=\"product-item wow fadeInUp\" data-wow-delay=\"0.4s\"><div class=\"product-image-actions\"><a href=\"https:\/\/instrutec.com.ar\/web\/product\/interruptores-de-nivel-con-desplazador-vertical\/\" class=\"product-cover\"><img loading=\"lazy\" decoding=\"async\" width=\"270\" height=\"300\" src=\"https:\/\/instrutec.com.ar\/web\/wp-content\/uploads\/2019\/08\/SERIE-700-270x300.jpg\" class=\"attachment-woocommerce_thumbnail size-woocommerce_thumbnail\" alt=\"INTERRUPTORES DE NIVEL CON DESPLAZADOR VERTICAL\" \/><\/a><\/div><!-- \/.product-image-actions --><a href=\"https:\/\/instrutec.com.ar\/web\/product\/interruptores-de-nivel-con-desplazador-vertical\/\" class=\"woocommerce-LoopProduct-link woocommerce-loop-product__link\"><h2 class=\"woocommerce-loop-product__title\">INTERRUPTORES DE NIVEL CON DESPLAZADOR VERTICAL<\/h2>\n<\/a><a href=\"https:\/\/instrutec.com.ar\/web\/product\/interruptores-de-nivel-con-desplazador-vertical\/\" aria-describedby=\"woocommerce_loop_add_to_cart_link_describedby_2094\" data-quantity=\"1\" class=\"button product_type_simple\" data-product_id=\"2094\" data-product_sku=\"\" aria-label=\"Lee m\u00e1s sobre &ldquo;INTERRUPTORES DE NIVEL CON DESPLAZADOR VERTICAL&rdquo;\" rel=\"nofollow\" data-success_message=\"\">Leer m\u00e1s<\/a>\t<span id=\"woocommerce_loop_add_to_cart_link_describedby_2094\" class=\"screen-reader-text\">\n\t\t\t<\/span>\n<div class=\"action-buttons\">\n\t\t<a href=\"http:\/\/166.62.89.205\/~instrutec\/contacto\/\" class=\"btn-consulta\">Consultar<\/a>\n<\/div><\/div><\/li>\n<li class=\"product type-product post-2023 status-publish first instock product_cat-interruptores-presion has-post-thumbnail featured shipping-taxable product-type-simple\">\n\t<div class=\"product-item wow fadeInUp\" data-wow-delay=\"0.1s\"><div class=\"product-image-actions\"><a href=\"https:\/\/instrutec.com.ar\/web\/product\/interruptor-de-presion-a-prueba-de-explosiones\/\" class=\"product-cover\"><img loading=\"lazy\" decoding=\"async\" width=\"270\" height=\"300\" src=\"https:\/\/instrutec.com.ar\/web\/wp-content\/uploads\/2019\/08\/401LC-270x300.jpg\" class=\"attachment-woocommerce_thumbnail size-woocommerce_thumbnail\" alt=\"INTERRUPTOR DE PRESION A PRUEBA DE EXPLOSIONES\" \/><\/a><\/div><!-- \/.product-image-actions --><a href=\"https:\/\/instrutec.com.ar\/web\/product\/interruptor-de-presion-a-prueba-de-explosiones\/\" class=\"woocommerce-LoopProduct-link woocommerce-loop-product__link\"><h2 class=\"woocommerce-loop-product__title\">INTERRUPTOR DE PRESION A PRUEBA DE EXPLOSIONES<\/h2>\n<\/a><a href=\"https:\/\/instrutec.com.ar\/web\/product\/interruptor-de-presion-a-prueba-de-explosiones\/\" aria-describedby=\"woocommerce_loop_add_to_cart_link_describedby_2023\" data-quantity=\"1\" class=\"button product_type_simple\" data-product_id=\"2023\" data-product_sku=\"\" aria-label=\"Lee m\u00e1s sobre &ldquo;INTERRUPTOR DE PRESION A PRUEBA DE EXPLOSIONES&rdquo;\" rel=\"nofollow\" data-success_message=\"\">Leer m\u00e1s<\/a>\t<span id=\"woocommerce_loop_add_to_cart_link_describedby_2023\" class=\"screen-reader-text\">\n\t\t\t<\/span>\n<div class=\"action-buttons\">\n\t\t<a href=\"http:\/\/166.62.89.205\/~instrutec\/contacto\/\" class=\"btn-consulta\">Consultar<\/a>\n<\/div><\/div><\/li>\n<li class=\"product type-product post-1991 status-publish instock product_cat-termocuplas-termorresistencias-termovainas has-post-thumbnail featured downloadable shipping-taxable product-type-simple\">\n\t<div class=\"product-item wow fadeInUp\" data-wow-delay=\"0.2s\"><div class=\"product-image-actions\"><a href=\"https:\/\/instrutec.com.ar\/web\/product\/termorresistencias\/\" class=\"product-cover\"><img loading=\"lazy\" decoding=\"async\" width=\"270\" height=\"300\" src=\"https:\/\/instrutec.com.ar\/web\/wp-content\/uploads\/2019\/08\/TERMORRESISTENCIA-270x300.png\" class=\"attachment-woocommerce_thumbnail size-woocommerce_thumbnail\" alt=\"TERMORRESISTENCIAS\" \/><\/a><\/div><!-- \/.product-image-actions --><a href=\"https:\/\/instrutec.com.ar\/web\/product\/termorresistencias\/\" class=\"woocommerce-LoopProduct-link woocommerce-loop-product__link\"><h2 class=\"woocommerce-loop-product__title\">TERMORRESISTENCIAS<\/h2>\n<\/a><a href=\"https:\/\/instrutec.com.ar\/web\/product\/termorresistencias\/\" aria-describedby=\"woocommerce_loop_add_to_cart_link_describedby_1991\" data-quantity=\"1\" class=\"button product_type_simple\" data-product_id=\"1991\" data-product_sku=\"\" aria-label=\"Lee m\u00e1s sobre &ldquo;TERMORRESISTENCIAS&rdquo;\" rel=\"nofollow\" data-success_message=\"\">Leer m\u00e1s<\/a>\t<span id=\"woocommerce_loop_add_to_cart_link_describedby_1991\" class=\"screen-reader-text\">\n\t\t\t<\/span>\n<div class=\"action-buttons\">\n\t\t<a href=\"http:\/\/166.62.89.205\/~instrutec\/contacto\/\" class=\"btn-consulta\">Consultar<\/a>\n<\/div><\/div><\/li>\n<li class=\"product type-product post-1850 status-publish instock product_cat-analizadores-de-humedad-con-celdas-de-oxido-de-aluminio product_cat-humedad has-post-thumbnail featured downloadable shipping-taxable product-type-simple\">\n\t<div class=\"product-item wow fadeInUp\" data-wow-delay=\"0.3s\"><div class=\"product-image-actions\"><a href=\"https:\/\/instrutec.com.ar\/web\/product\/transmisor-de-humedad-hygropro\/\" class=\"product-cover\"><img loading=\"lazy\" decoding=\"async\" width=\"300\" height=\"286\" src=\"https:\/\/instrutec.com.ar\/web\/wp-content\/uploads\/2025\/10\/hygropro_ii_space-300x286.jpg\" class=\"attachment-woocommerce_thumbnail size-woocommerce_thumbnail\" alt=\"TRANSMISOR DE HUMEDAD HYGROPRO II\" \/><\/a><\/div><!-- \/.product-image-actions --><a href=\"https:\/\/instrutec.com.ar\/web\/product\/transmisor-de-humedad-hygropro\/\" class=\"woocommerce-LoopProduct-link woocommerce-loop-product__link\"><h2 class=\"woocommerce-loop-product__title\">TRANSMISOR DE HUMEDAD HYGROPRO II<\/h2>\n<\/a><a href=\"https:\/\/instrutec.com.ar\/web\/product\/transmisor-de-humedad-hygropro\/\" aria-describedby=\"woocommerce_loop_add_to_cart_link_describedby_1850\" data-quantity=\"1\" class=\"button product_type_simple\" data-product_id=\"1850\" data-product_sku=\"\" aria-label=\"Lee m\u00e1s sobre &ldquo;TRANSMISOR DE HUMEDAD HYGROPRO II&rdquo;\" rel=\"nofollow\" data-success_message=\"\">Leer m\u00e1s<\/a>\t<span id=\"woocommerce_loop_add_to_cart_link_describedby_1850\" class=\"screen-reader-text\">\n\t\t\t<\/span>\n<div class=\"action-buttons\">\n\t\t<a href=\"http:\/\/166.62.89.205\/~instrutec\/contacto\/\" class=\"btn-consulta\">Consultar<\/a>\n<\/div><\/div><\/li>\n<li class=\"product type-product post-1792 status-publish last instock product_cat-tubos-colorimetros has-post-thumbnail featured shipping-taxable product-type-simple\">\n\t<div class=\"product-item wow fadeInUp\" data-wow-delay=\"0.4s\"><div class=\"product-image-actions\"><a href=\"https:\/\/instrutec.com.ar\/web\/product\/tubo-colorimetricos\/\" class=\"product-cover\"><img loading=\"lazy\" decoding=\"async\" width=\"270\" height=\"300\" src=\"https:\/\/instrutec.com.ar\/web\/wp-content\/uploads\/2019\/08\/TUBOS-COLORIMETRICOS-270x300.jpg\" class=\"attachment-woocommerce_thumbnail size-woocommerce_thumbnail\" alt=\"TUBOS COLORIMETRICOS\" \/><\/a><\/div><!-- \/.product-image-actions --><a href=\"https:\/\/instrutec.com.ar\/web\/product\/tubo-colorimetricos\/\" class=\"woocommerce-LoopProduct-link woocommerce-loop-product__link\"><h2 class=\"woocommerce-loop-product__title\">TUBOS COLORIMETRICOS<\/h2>\n<\/a><a href=\"https:\/\/instrutec.com.ar\/web\/product\/tubo-colorimetricos\/\" aria-describedby=\"woocommerce_loop_add_to_cart_link_describedby_1792\" data-quantity=\"1\" class=\"button product_type_simple\" data-product_id=\"1792\" data-product_sku=\"\" aria-label=\"Lee m\u00e1s sobre &ldquo;TUBOS COLORIMETRICOS&rdquo;\" rel=\"nofollow\" data-success_message=\"\">Leer m\u00e1s<\/a>\t<span id=\"woocommerce_loop_add_to_cart_link_describedby_1792\" class=\"screen-reader-text\">\n\t\t\t<\/span>\n<div class=\"action-buttons\">\n\t\t<a href=\"http:\/\/166.62.89.205\/~instrutec\/contacto\/\" class=\"btn-consulta\">Consultar<\/a>\n<\/div><\/div><\/li>\n<li class=\"product type-product post-1635 status-publish first instock product_cat-sistema-de-proteccion-contra-explosiones-industriales has-post-thumbnail featured downloadable shipping-taxable product-type-simple\">\n\t<div class=\"product-item wow fadeInUp\" data-wow-delay=\"0.1s\"><div class=\"product-image-actions\"><a href=\"https:\/\/instrutec.com.ar\/web\/product\/sistema-de-proteccion-contra-explosiones-industriales\/\" class=\"product-cover\"><img loading=\"lazy\" decoding=\"async\" width=\"270\" height=\"300\" src=\"https:\/\/instrutec.com.ar\/web\/wp-content\/uploads\/2019\/07\/SISTEMA-DE-PROTECCI\u00d3N-CONTRA-EXPLOSIONES-1-270x300.png\" class=\"attachment-woocommerce_thumbnail size-woocommerce_thumbnail\" alt=\"SISTEMA DE PROTECCI\u00d3N CONTRA EXPLOSIONES INDUSTRIALES\" \/><\/a><\/div><!-- \/.product-image-actions --><a href=\"https:\/\/instrutec.com.ar\/web\/product\/sistema-de-proteccion-contra-explosiones-industriales\/\" class=\"woocommerce-LoopProduct-link woocommerce-loop-product__link\"><h2 class=\"woocommerce-loop-product__title\">SISTEMA DE PROTECCI\u00d3N CONTRA EXPLOSIONES INDUSTRIALES<\/h2>\n<\/a><a href=\"https:\/\/instrutec.com.ar\/web\/product\/sistema-de-proteccion-contra-explosiones-industriales\/\" aria-describedby=\"woocommerce_loop_add_to_cart_link_describedby_1635\" data-quantity=\"1\" class=\"button product_type_simple\" data-product_id=\"1635\" data-product_sku=\"\" aria-label=\"Lee m\u00e1s sobre &ldquo;SISTEMA DE PROTECCI\u00d3N CONTRA EXPLOSIONES INDUSTRIALES&rdquo;\" rel=\"nofollow\" data-success_message=\"\">Leer m\u00e1s<\/a>\t<span id=\"woocommerce_loop_add_to_cart_link_describedby_1635\" class=\"screen-reader-text\">\n\t\t\t<\/span>\n<div class=\"action-buttons\">\n\t\t<a href=\"http:\/\/166.62.89.205\/~instrutec\/contacto\/\" class=\"btn-consulta\">Consultar<\/a>\n<\/div><\/div><\/li>\n<li class=\"product type-product post-1632 status-publish instock product_cat-discos-reverso has-post-thumbnail featured downloadable virtual product-type-simple\">\n\t<div class=\"product-item wow fadeInUp\" data-wow-delay=\"0.2s\"><div class=\"product-image-actions\"><a href=\"https:\/\/instrutec.com.ar\/web\/product\/discos-reversos\/\" class=\"product-cover\"><img loading=\"lazy\" decoding=\"async\" width=\"270\" height=\"297\" src=\"https:\/\/instrutec.com.ar\/web\/wp-content\/uploads\/2019\/07\/DISCOS-REVERSOS.-TIPO-LPS-copia.png\" class=\"attachment-woocommerce_thumbnail size-woocommerce_thumbnail\" alt=\"DISCOS REVERSOS\" \/><\/a><\/div><!-- \/.product-image-actions --><a href=\"https:\/\/instrutec.com.ar\/web\/product\/discos-reversos\/\" class=\"woocommerce-LoopProduct-link woocommerce-loop-product__link\"><h2 class=\"woocommerce-loop-product__title\">DISCOS REVERSOS<\/h2>\n<\/a><a href=\"https:\/\/instrutec.com.ar\/web\/product\/discos-reversos\/\" aria-describedby=\"woocommerce_loop_add_to_cart_link_describedby_1632\" data-quantity=\"1\" class=\"button product_type_simple\" data-product_id=\"1632\" data-product_sku=\"\" aria-label=\"Lee m\u00e1s sobre &ldquo;DISCOS REVERSOS&rdquo;\" rel=\"nofollow\" data-success_message=\"\">Leer m\u00e1s<\/a>\t<span id=\"woocommerce_loop_add_to_cart_link_describedby_1632\" class=\"screen-reader-text\">\n\t\t\t<\/span>\n<div class=\"action-buttons\">\n\t\t<a href=\"http:\/\/166.62.89.205\/~instrutec\/contacto\/\" class=\"btn-consulta\">Consultar<\/a>\n<\/div><\/div><\/li>\n<li class=\"product type-product post-1626 status-publish instock product_cat-sistema-de-muestreo-para-gases-y-liquidos has-post-thumbnail featured virtual product-type-simple\">\n\t<div class=\"product-item wow fadeInUp\" data-wow-delay=\"0.3s\"><div class=\"product-image-actions\"><a href=\"https:\/\/instrutec.com.ar\/web\/product\/sistema-de-muestreo-para-gases-y-liquidos\/\" class=\"product-cover\"><img loading=\"lazy\" decoding=\"async\" width=\"270\" height=\"300\" src=\"https:\/\/instrutec.com.ar\/web\/wp-content\/uploads\/2019\/07\/SISTEMA-TOMA-MUESTRA-copia-270x300.png\" class=\"attachment-woocommerce_thumbnail size-woocommerce_thumbnail\" alt=\"SISTEMA DE MUESTREO, PARA  GASES Y LIQUIDOS\" \/><\/a><\/div><!-- \/.product-image-actions --><a href=\"https:\/\/instrutec.com.ar\/web\/product\/sistema-de-muestreo-para-gases-y-liquidos\/\" class=\"woocommerce-LoopProduct-link woocommerce-loop-product__link\"><h2 class=\"woocommerce-loop-product__title\">SISTEMA DE MUESTREO, PARA  GASES Y LIQUIDOS<\/h2>\n<\/a><a href=\"https:\/\/instrutec.com.ar\/web\/product\/sistema-de-muestreo-para-gases-y-liquidos\/\" aria-describedby=\"woocommerce_loop_add_to_cart_link_describedby_1626\" data-quantity=\"1\" class=\"button product_type_simple\" data-product_id=\"1626\" data-product_sku=\"\" aria-label=\"Lee m\u00e1s sobre &ldquo;SISTEMA DE MUESTREO, PARA  GASES Y LIQUIDOS&rdquo;\" rel=\"nofollow\" data-success_message=\"\">Leer m\u00e1s<\/a>\t<span id=\"woocommerce_loop_add_to_cart_link_describedby_1626\" class=\"screen-reader-text\">\n\t\t\t<\/span>\n<div class=\"action-buttons\">\n\t\t<a href=\"http:\/\/166.62.89.205\/~instrutec\/contacto\/\" class=\"btn-consulta\">Consultar<\/a>\n<\/div><\/div><\/li>\n<\/ul>\n<\/div>[\/vc_column][\/vc_row]<\/p>\n","protected":false},"excerpt":{"rendered":"<p>[vc_row][vc_column][\/vc_column][\/vc_row]<\/p>\n","protected":false},"author":1,"featured_media":0,"parent":0,"menu_order":0,"comment_status":"closed","ping_status":"closed","template":"","meta":{"footnotes":""},"class_list":["post-2203","page","type-page","status-publish","hentry"],"_links":{"self":[{"href":"https:\/\/instrutec.com.ar\/web\/wp-json\/wp\/v2\/pages\/2203","targetHints":{"allow":["GET"]}}],"collection":[{"href":"https:\/\/instrutec.com.ar\/web\/wp-json\/wp\/v2\/pages"}],"about":[{"href":"https:\/\/instrutec.com.ar\/web\/wp-json\/wp\/v2\/types\/page"}],"author":[{"embeddable":true,"href":"https:\/\/instrutec.com.ar\/web\/wp-json\/wp\/v2\/users\/1"}],"replies":[{"embeddable":true,"href":"https:\/\/instrutec.com.ar\/web\/wp-json\/wp\/v2\/comments?post=2203"}],"version-history":[{"count":3,"href":"https:\/\/instrutec.com.ar\/web\/wp-json\/wp\/v2\/pages\/2203\/revisions"}],"predecessor-version":[{"id":2209,"href":"https:\/\/instrutec.com.ar\/web\/wp-json\/wp\/v2\/pages\/2203\/revisions\/2209"}],"wp:attachment":[{"href":"https:\/\/instrutec.com.ar\/web\/wp-json\/wp\/v2\/media?parent=2203"}],"curies":[{"name":"wp","href":"https:\/\/api.w.org\/{rel}","templated":true}]}}